{"id":34,"date":"2022-05-16T14:25:44","date_gmt":"2022-05-16T12:25:44","guid":{"rendered":"https:\/\/andanskozh.fr\/?page_id=34"},"modified":"2024-05-31T12:11:54","modified_gmt":"2024-05-31T10:11:54","slug":"activite-galettes-et-crepes","status":"publish","type":"page","link":"https:\/\/andanskozh.fr\/?page_id=34","title":{"rendered":"Atelier Galettes et cr\u00eapes"},"content":{"rendered":"\n<h2 class=\"wp-block-heading\">Le d\u00e9but des cr\u00eapes en Bretagne<\/h2>\n\n\n\n<p>La cr\u00eape, ou galette, fait son apparition en Bretagne <strong>vers le XIII<sup>e<\/sup>&nbsp;<\/strong>si\u00e8cle suite \u00e0 la culture du sarrasin rapport\u00e9 de croisades en Asie. Le sarrazin a permis de confectionner cette fine couche de p\u00e2te, de forme ronde. C\u2019est le d\u00e9but de la galette bretonne ! et de la cr\u00eape (voir l&rsquo;article en lien ci-dessous)<\/p>\n\n\n\n<p>Lire l&rsquo;article Source Internet : <a href=\"https:\/\/crepier.info\/articles\/culture\/histoire-crepe-galette#:~:text=Le%20d%C3%A9but%20des%20cr%C3%AApes%20en,d%C3%A9but%20de%20la%20galette%20bretonne%20!\">Histoire  de la cr\u00eape et de la galette<\/a><\/p>\n\n\n\n<h2 class=\"wp-block-heading\">Recettes des galettes, cr\u00eapes et caramel beurre sal\u00e9 (fa\u00e7on Christian Jacob vice pr\u00e9sident d&rsquo;An Da\u00f1s Kozk)<\/h2>\n\n\n\n<figure class=\"wp-block-image size-large\"><img loading=\"lazy\" decoding=\"async\" width=\"724\" height=\"1024\" src=\"https:\/\/andanskozh.fr\/wp-content\/uploads\/2024\/05\/recette-galettes-724x1024.jpeg\" alt=\"\" class=\"wp-image-1774\" srcset=\"https:\/\/andanskozh.fr\/wp-content\/uploads\/2024\/05\/recette-galettes-724x1024.jpeg 724w, https:\/\/andanskozh.fr\/wp-content\/uploads\/2024\/05\/recette-galettes-212x300.jpeg 212w, https:\/\/andanskozh.fr\/wp-content\/uploads\/2024\/05\/recette-galettes-768x1087.jpeg 768w, https:\/\/andanskozh.fr\/wp-content\/uploads\/2024\/05\/recette-galettes.jpeg 826w\" sizes=\"auto, (max-width: 724px) 100vw, 724px\" \/><\/figure>\n\n\n\n<figure class=\"wp-block-gallery has-nested-images columns-default is-cropped wp-block-gallery-1 is-layout-flex wp-block-gallery-is-layout-flex\">\n<figure class=\"wp-block-image size-large\"><img loading=\"lazy\" decoding=\"async\" width=\"724\" height=\"1024\" data-id=\"1777\" src=\"https:\/\/andanskozh.fr\/wp-content\/uploads\/2024\/05\/recettes-crepes-724x1024.jpeg\" alt=\"\" class=\"wp-image-1777\" srcset=\"https:\/\/andanskozh.fr\/wp-content\/uploads\/2024\/05\/recettes-crepes-724x1024.jpeg 724w, https:\/\/andanskozh.fr\/wp-content\/uploads\/2024\/05\/recettes-crepes-212x300.jpeg 212w, https:\/\/andanskozh.fr\/wp-content\/uploads\/2024\/05\/recettes-crepes-768x1087.jpeg 768w, https:\/\/andanskozh.fr\/wp-content\/uploads\/2024\/05\/recettes-crepes.jpeg 826w\" sizes=\"auto, (max-width: 724px) 100vw, 724px\" \/><\/figure>\n\n\n\n<figure class=\"wp-block-image size-large\"><img loading=\"lazy\" decoding=\"async\" width=\"724\" height=\"1024\" data-id=\"1776\" src=\"https:\/\/andanskozh.fr\/wp-content\/uploads\/2024\/05\/recette-caramel-724x1024.jpeg\" alt=\"\" class=\"wp-image-1776\" srcset=\"https:\/\/andanskozh.fr\/wp-content\/uploads\/2024\/05\/recette-caramel-724x1024.jpeg 724w, https:\/\/andanskozh.fr\/wp-content\/uploads\/2024\/05\/recette-caramel-212x300.jpeg 212w, https:\/\/andanskozh.fr\/wp-content\/uploads\/2024\/05\/recette-caramel-768x1087.jpeg 768w, https:\/\/andanskozh.fr\/wp-content\/uploads\/2024\/05\/recette-caramel.jpeg 826w\" sizes=\"auto, (max-width: 724px) 100vw, 724px\" \/><\/figure>\n<\/figure>\n\n\n\n<h2 class=\"wp-block-heading has-very-light-gray-to-cyan-bluish-gray-gradient-background has-text-color has-background\" style=\"color:#8a6a12;font-size:30px\">LES ATELIERS GALETTES ET CR\u00caPES DES SEMAINES CELTIQUES<\/h2>\n\n\n\n<figure class=\"wp-block-gallery has-nested-images columns-default is-cropped wp-block-gallery-2 is-layout-flex wp-block-gallery-is-layout-flex\">\n<figure class=\"wp-block-image size-large\"><img loading=\"lazy\" decoding=\"async\" width=\"1024\" height=\"683\" data-id=\"713\" src=\"https:\/\/andanskozh.fr\/wp-content\/uploads\/2022\/11\/IMGL2711-1024x683.jpg\" alt=\"\" class=\"wp-image-713\" srcset=\"https:\/\/andanskozh.fr\/wp-content\/uploads\/2022\/11\/IMGL2711-1024x683.jpg 1024w, https:\/\/andanskozh.fr\/wp-content\/uploads\/2022\/11\/IMGL2711-300x200.jpg 300w, https:\/\/andanskozh.fr\/wp-content\/uploads\/2022\/11\/IMGL2711-768x512.jpg 768w, https:\/\/andanskozh.fr\/wp-content\/uploads\/2022\/11\/IMGL2711-1536x1024.jpg 1536w, https:\/\/andanskozh.fr\/wp-content\/uploads\/2022\/11\/IMGL2711-2048x1365.jpg 2048w\" sizes=\"auto, (max-width: 1024px) 100vw, 1024px\" \/><\/figure>\n\n\n\n<figure class=\"wp-block-image size-large\"><img loading=\"lazy\" decoding=\"async\" width=\"1024\" height=\"575\" data-id=\"716\" src=\"https:\/\/andanskozh.fr\/wp-content\/uploads\/2022\/11\/IMGL2720-1024x575.jpg\" alt=\"\" class=\"wp-image-716\" srcset=\"https:\/\/andanskozh.fr\/wp-content\/uploads\/2022\/11\/IMGL2720-1024x575.jpg 1024w, https:\/\/andanskozh.fr\/wp-content\/uploads\/2022\/11\/IMGL2720-300x168.jpg 300w, https:\/\/andanskozh.fr\/wp-content\/uploads\/2022\/11\/IMGL2720-768x431.jpg 768w, https:\/\/andanskozh.fr\/wp-content\/uploads\/2022\/11\/IMGL2720-1536x862.jpg 1536w, https:\/\/andanskozh.fr\/wp-content\/uploads\/2022\/11\/IMGL2720-2048x1150.jpg 2048w\" sizes=\"auto, (max-width: 1024px) 100vw, 1024px\" \/><\/figure>\n\n\n\n<figure class=\"wp-block-image size-large\"><img loading=\"lazy\" decoding=\"async\" width=\"1024\" height=\"683\" data-id=\"717\" src=\"https:\/\/andanskozh.fr\/wp-content\/uploads\/2022\/11\/IMGL2722-1024x683.jpg\" alt=\"\" class=\"wp-image-717\" srcset=\"https:\/\/andanskozh.fr\/wp-content\/uploads\/2022\/11\/IMGL2722-1024x683.jpg 1024w, https:\/\/andanskozh.fr\/wp-content\/uploads\/2022\/11\/IMGL2722-300x200.jpg 300w, https:\/\/andanskozh.fr\/wp-content\/uploads\/2022\/11\/IMGL2722-768x512.jpg 768w, https:\/\/andanskozh.fr\/wp-content\/uploads\/2022\/11\/IMGL2722-1536x1024.jpg 1536w, https:\/\/andanskozh.fr\/wp-content\/uploads\/2022\/11\/IMGL2722-2048x1365.jpg 2048w\" sizes=\"auto, (max-width: 1024px) 100vw, 1024px\" \/><\/figure>\n\n\n\n<figure class=\"wp-block-image size-large\"><img loading=\"lazy\" decoding=\"async\" width=\"1024\" height=\"683\" data-id=\"718\" src=\"https:\/\/andanskozh.fr\/wp-content\/uploads\/2022\/11\/IMGL2726-1024x683.jpg\" alt=\"\" class=\"wp-image-718\" srcset=\"https:\/\/andanskozh.fr\/wp-content\/uploads\/2022\/11\/IMGL2726-1024x683.jpg 1024w, https:\/\/andanskozh.fr\/wp-content\/uploads\/2022\/11\/IMGL2726-300x200.jpg 300w, https:\/\/andanskozh.fr\/wp-content\/uploads\/2022\/11\/IMGL2726-768x512.jpg 768w, https:\/\/andanskozh.fr\/wp-content\/uploads\/2022\/11\/IMGL2726-1536x1024.jpg 1536w, https:\/\/andanskozh.fr\/wp-content\/uploads\/2022\/11\/IMGL2726-2048x1365.jpg 2048w\" sizes=\"auto, (max-width: 1024px) 100vw, 1024px\" \/><\/figure>\n\n\n\n<figure class=\"wp-block-image size-large\"><img loading=\"lazy\" decoding=\"async\" width=\"1024\" height=\"683\" data-id=\"719\" src=\"https:\/\/andanskozh.fr\/wp-content\/uploads\/2022\/11\/IMGL2729-1024x683.jpg\" alt=\"\" class=\"wp-image-719\" srcset=\"https:\/\/andanskozh.fr\/wp-content\/uploads\/2022\/11\/IMGL2729-1024x683.jpg 1024w, https:\/\/andanskozh.fr\/wp-content\/uploads\/2022\/11\/IMGL2729-300x200.jpg 300w, https:\/\/andanskozh.fr\/wp-content\/uploads\/2022\/11\/IMGL2729-768x512.jpg 768w, https:\/\/andanskozh.fr\/wp-content\/uploads\/2022\/11\/IMGL2729-1536x1024.jpg 1536w, https:\/\/andanskozh.fr\/wp-content\/uploads\/2022\/11\/IMGL2729-2048x1365.jpg 2048w\" sizes=\"auto, (max-width: 1024px) 100vw, 1024px\" \/><\/figure>\n\n\n\n<figure class=\"wp-block-image size-large\"><img loading=\"lazy\" decoding=\"async\" width=\"1024\" height=\"683\" data-id=\"720\" src=\"https:\/\/andanskozh.fr\/wp-content\/uploads\/2022\/11\/IMGL2731-1024x683.jpg\" alt=\"\" class=\"wp-image-720\" srcset=\"https:\/\/andanskozh.fr\/wp-content\/uploads\/2022\/11\/IMGL2731-1024x683.jpg 1024w, https:\/\/andanskozh.fr\/wp-content\/uploads\/2022\/11\/IMGL2731-300x200.jpg 300w, https:\/\/andanskozh.fr\/wp-content\/uploads\/2022\/11\/IMGL2731-768x512.jpg 768w, https:\/\/andanskozh.fr\/wp-content\/uploads\/2022\/11\/IMGL2731-1536x1024.jpg 1536w, https:\/\/andanskozh.fr\/wp-content\/uploads\/2022\/11\/IMGL2731-2048x1365.jpg 2048w\" sizes=\"auto, (max-width: 1024px) 100vw, 1024px\" \/><\/figure>\n\n\n\n<figure class=\"wp-block-image size-large\"><img loading=\"lazy\" decoding=\"async\" width=\"1024\" height=\"683\" data-id=\"721\" src=\"https:\/\/andanskozh.fr\/wp-content\/uploads\/2022\/11\/IMGL2732-1024x683.jpg\" alt=\"\" class=\"wp-image-721\" srcset=\"https:\/\/andanskozh.fr\/wp-content\/uploads\/2022\/11\/IMGL2732-1024x683.jpg 1024w, https:\/\/andanskozh.fr\/wp-content\/uploads\/2022\/11\/IMGL2732-300x200.jpg 300w, https:\/\/andanskozh.fr\/wp-content\/uploads\/2022\/11\/IMGL2732-768x512.jpg 768w, https:\/\/andanskozh.fr\/wp-content\/uploads\/2022\/11\/IMGL2732-1536x1024.jpg 1536w, https:\/\/andanskozh.fr\/wp-content\/uploads\/2022\/11\/IMGL2732-2048x1365.jpg 2048w\" sizes=\"auto, (max-width: 1024px) 100vw, 1024px\" \/><\/figure>\n\n\n\n<figure class=\"wp-block-image size-large\"><img loading=\"lazy\" decoding=\"async\" width=\"1024\" height=\"683\" data-id=\"722\" src=\"https:\/\/andanskozh.fr\/wp-content\/uploads\/2022\/11\/IMGL2735-1024x683.jpg\" alt=\"\" class=\"wp-image-722\" srcset=\"https:\/\/andanskozh.fr\/wp-content\/uploads\/2022\/11\/IMGL2735-1024x683.jpg 1024w, https:\/\/andanskozh.fr\/wp-content\/uploads\/2022\/11\/IMGL2735-300x200.jpg 300w, https:\/\/andanskozh.fr\/wp-content\/uploads\/2022\/11\/IMGL2735-768x512.jpg 768w, https:\/\/andanskozh.fr\/wp-content\/uploads\/2022\/11\/IMGL2735-1536x1024.jpg 1536w, https:\/\/andanskozh.fr\/wp-content\/uploads\/2022\/11\/IMGL2735-2048x1365.jpg 2048w\" sizes=\"auto, (max-width: 1024px) 100vw, 1024px\" \/><\/figure>\n\n\n\n<figure class=\"wp-block-image size-large\"><img loading=\"lazy\" decoding=\"async\" width=\"1024\" height=\"683\" data-id=\"724\" src=\"https:\/\/andanskozh.fr\/wp-content\/uploads\/2022\/11\/IMGL2739-1024x683.jpg\" alt=\"\" class=\"wp-image-724\" srcset=\"https:\/\/andanskozh.fr\/wp-content\/uploads\/2022\/11\/IMGL2739-1024x683.jpg 1024w, https:\/\/andanskozh.fr\/wp-content\/uploads\/2022\/11\/IMGL2739-300x200.jpg 300w, https:\/\/andanskozh.fr\/wp-content\/uploads\/2022\/11\/IMGL2739-768x512.jpg 768w, https:\/\/andanskozh.fr\/wp-content\/uploads\/2022\/11\/IMGL2739-1536x1024.jpg 1536w, https:\/\/andanskozh.fr\/wp-content\/uploads\/2022\/11\/IMGL2739-2048x1365.jpg 2048w\" sizes=\"auto, (max-width: 1024px) 100vw, 1024px\" \/><\/figure>\n\n\n\n<figure class=\"wp-block-image size-large\"><img loading=\"lazy\" decoding=\"async\" width=\"1024\" height=\"683\" data-id=\"726\" src=\"https:\/\/andanskozh.fr\/wp-content\/uploads\/2022\/11\/IMGL2743-1024x683.jpg\" alt=\"\" class=\"wp-image-726\" srcset=\"https:\/\/andanskozh.fr\/wp-content\/uploads\/2022\/11\/IMGL2743-1024x683.jpg 1024w, https:\/\/andanskozh.fr\/wp-content\/uploads\/2022\/11\/IMGL2743-300x200.jpg 300w, https:\/\/andanskozh.fr\/wp-content\/uploads\/2022\/11\/IMGL2743-768x512.jpg 768w, https:\/\/andanskozh.fr\/wp-content\/uploads\/2022\/11\/IMGL2743-1536x1024.jpg 1536w, https:\/\/andanskozh.fr\/wp-content\/uploads\/2022\/11\/IMGL2743-2048x1365.jpg 2048w\" sizes=\"auto, (max-width: 1024px) 100vw, 1024px\" \/><\/figure>\n\n\n\n<figure class=\"wp-block-image size-large\"><img loading=\"lazy\" decoding=\"async\" width=\"1024\" height=\"683\" data-id=\"727\" src=\"https:\/\/andanskozh.fr\/wp-content\/uploads\/2022\/11\/IMGL2746-1024x683.jpg\" alt=\"\" class=\"wp-image-727\" srcset=\"https:\/\/andanskozh.fr\/wp-content\/uploads\/2022\/11\/IMGL2746-1024x683.jpg 1024w, https:\/\/andanskozh.fr\/wp-content\/uploads\/2022\/11\/IMGL2746-300x200.jpg 300w, https:\/\/andanskozh.fr\/wp-content\/uploads\/2022\/11\/IMGL2746-768x512.jpg 768w, https:\/\/andanskozh.fr\/wp-content\/uploads\/2022\/11\/IMGL2746-1536x1024.jpg 1536w, https:\/\/andanskozh.fr\/wp-content\/uploads\/2022\/11\/IMGL2746-2048x1365.jpg 2048w\" sizes=\"auto, (max-width: 1024px) 100vw, 1024px\" \/><\/figure>\n\n\n\n<figure class=\"wp-block-image size-large\"><img loading=\"lazy\" decoding=\"async\" width=\"1024\" height=\"683\" data-id=\"732\" src=\"https:\/\/andanskozh.fr\/wp-content\/uploads\/2022\/11\/IMGL2755-1024x683.jpg\" alt=\"\" class=\"wp-image-732\" srcset=\"https:\/\/andanskozh.fr\/wp-content\/uploads\/2022\/11\/IMGL2755-1024x683.jpg 1024w, https:\/\/andanskozh.fr\/wp-content\/uploads\/2022\/11\/IMGL2755-300x200.jpg 300w, https:\/\/andanskozh.fr\/wp-content\/uploads\/2022\/11\/IMGL2755-768x512.jpg 768w, https:\/\/andanskozh.fr\/wp-content\/uploads\/2022\/11\/IMGL2755-1536x1024.jpg 1536w, https:\/\/andanskozh.fr\/wp-content\/uploads\/2022\/11\/IMGL2755-2048x1365.jpg 2048w\" sizes=\"auto, (max-width: 1024px) 100vw, 1024px\" \/><\/figure>\n\n\n\n<figure class=\"wp-block-image size-large\"><img loading=\"lazy\" decoding=\"async\" width=\"1024\" height=\"683\" data-id=\"729\" src=\"https:\/\/andanskozh.fr\/wp-content\/uploads\/2022\/11\/IMGL2750-1024x683.jpg\" alt=\"\" class=\"wp-image-729\" srcset=\"https:\/\/andanskozh.fr\/wp-content\/uploads\/2022\/11\/IMGL2750-1024x683.jpg 1024w, https:\/\/andanskozh.fr\/wp-content\/uploads\/2022\/11\/IMGL2750-300x200.jpg 300w, https:\/\/andanskozh.fr\/wp-content\/uploads\/2022\/11\/IMGL2750-768x512.jpg 768w, https:\/\/andanskozh.fr\/wp-content\/uploads\/2022\/11\/IMGL2750-1536x1024.jpg 1536w, https:\/\/andanskozh.fr\/wp-content\/uploads\/2022\/11\/IMGL2750-2048x1365.jpg 2048w\" sizes=\"auto, (max-width: 1024px) 100vw, 1024px\" \/><\/figure>\n\n\n\n<figure class=\"wp-block-image size-large\"><img loading=\"lazy\" decoding=\"async\" width=\"1024\" height=\"683\" data-id=\"734\" src=\"https:\/\/andanskozh.fr\/wp-content\/uploads\/2022\/11\/IMGL2759-1024x683.jpg\" alt=\"\" class=\"wp-image-734\" srcset=\"https:\/\/andanskozh.fr\/wp-content\/uploads\/2022\/11\/IMGL2759-1024x683.jpg 1024w, https:\/\/andanskozh.fr\/wp-content\/uploads\/2022\/11\/IMGL2759-300x200.jpg 300w, https:\/\/andanskozh.fr\/wp-content\/uploads\/2022\/11\/IMGL2759-768x512.jpg 768w, https:\/\/andanskozh.fr\/wp-content\/uploads\/2022\/11\/IMGL2759-1536x1024.jpg 1536w, https:\/\/andanskozh.fr\/wp-content\/uploads\/2022\/11\/IMGL2759-2048x1365.jpg 2048w\" sizes=\"auto, (max-width: 1024px) 100vw, 1024px\" \/><\/figure>\n\n\n\n<figure class=\"wp-block-image size-large\"><img loading=\"lazy\" decoding=\"async\" width=\"1024\" height=\"683\" data-id=\"733\" src=\"https:\/\/andanskozh.fr\/wp-content\/uploads\/2022\/11\/IMGL2757-1024x683.jpg\" alt=\"\" class=\"wp-image-733\" srcset=\"https:\/\/andanskozh.fr\/wp-content\/uploads\/2022\/11\/IMGL2757-1024x683.jpg 1024w, https:\/\/andanskozh.fr\/wp-content\/uploads\/2022\/11\/IMGL2757-300x200.jpg 300w, https:\/\/andanskozh.fr\/wp-content\/uploads\/2022\/11\/IMGL2757-768x512.jpg 768w, https:\/\/andanskozh.fr\/wp-content\/uploads\/2022\/11\/IMGL2757-1536x1024.jpg 1536w, https:\/\/andanskozh.fr\/wp-content\/uploads\/2022\/11\/IMGL2757-2048x1365.jpg 2048w\" sizes=\"auto, (max-width: 1024px) 100vw, 1024px\" \/><\/figure>\n<figcaption class=\"blocks-gallery-caption wp-element-caption\">Atelier galettes et cr\u00eapes de l&rsquo;\u00e9t\u00e9  2022<\/figcaption><\/figure>\n\n\n\n<figure class=\"wp-block-gallery has-nested-images columns-default is-cropped wp-block-gallery-3 is-layout-flex wp-block-gallery-is-layout-flex\">\n<figure class=\"wp-block-image size-large\"><img loading=\"lazy\" decoding=\"async\" width=\"1024\" height=\"768\" data-id=\"285\" src=\"https:\/\/andanskozh.fr\/wp-content\/uploads\/2022\/06\/IMG_2545-1024x768.jpg\" alt=\"\" class=\"wp-image-285\" srcset=\"https:\/\/andanskozh.fr\/wp-content\/uploads\/2022\/06\/IMG_2545-1024x768.jpg 1024w, https:\/\/andanskozh.fr\/wp-content\/uploads\/2022\/06\/IMG_2545-300x225.jpg 300w, https:\/\/andanskozh.fr\/wp-content\/uploads\/2022\/06\/IMG_2545-768x576.jpg 768w, https:\/\/andanskozh.fr\/wp-content\/uploads\/2022\/06\/IMG_2545-1536x1152.jpg 1536w, https:\/\/andanskozh.fr\/wp-content\/uploads\/2022\/06\/IMG_2545-2048x1536.jpg 2048w\" sizes=\"auto, (max-width: 1024px) 100vw, 1024px\" \/><\/figure>\n\n\n\n<figure class=\"wp-block-image size-large\"><img loading=\"lazy\" decoding=\"async\" width=\"768\" height=\"1024\" data-id=\"286\" src=\"https:\/\/andanskozh.fr\/wp-content\/uploads\/2022\/06\/IMG_2548-768x1024.jpg\" alt=\"\" class=\"wp-image-286\" srcset=\"https:\/\/andanskozh.fr\/wp-content\/uploads\/2022\/06\/IMG_2548-768x1024.jpg 768w, https:\/\/andanskozh.fr\/wp-content\/uploads\/2022\/06\/IMG_2548-225x300.jpg 225w, https:\/\/andanskozh.fr\/wp-content\/uploads\/2022\/06\/IMG_2548-1152x1536.jpg 1152w, https:\/\/andanskozh.fr\/wp-content\/uploads\/2022\/06\/IMG_2548-1536x2048.jpg 1536w, https:\/\/andanskozh.fr\/wp-content\/uploads\/2022\/06\/IMG_2548-scaled.jpg 1920w\" sizes=\"auto, (max-width: 768px) 100vw, 768px\" \/><\/figure>\n<\/figure>\n\n\n\n<figure class=\"wp-block-gallery has-nested-images columns-default is-cropped wp-block-gallery-4 is-layout-flex wp-block-gallery-is-layout-flex\"><\/figure>\n","protected":false},"excerpt":{"rendered":"<p>Le d\u00e9but des cr\u00eapes en Bretagne La cr\u00eape, ou galette, fait son apparition en Bretagne vers le XIIIe&nbsp;si\u00e8cle suite \u00e0 la culture du sarrasin rapport\u00e9 &hellip; <\/p>\n","protected":false},"author":1,"featured_media":1773,"parent":0,"menu_order":0,"comment_status":"closed","ping_status":"closed","template":"","meta":{"footnotes":""},"class_list":["post-34","page","type-page","status-publish","has-post-thumbnail","hentry"],"_links":{"self":[{"href":"https:\/\/andanskozh.fr\/index.php?rest_route=\/wp\/v2\/pages\/34","targetHints":{"allow":["GET"]}}],"collection":[{"href":"https:\/\/andanskozh.fr\/index.php?rest_route=\/wp\/v2\/pages"}],"about":[{"href":"https:\/\/andanskozh.fr\/index.php?rest_route=\/wp\/v2\/types\/page"}],"author":[{"embeddable":true,"href":"https:\/\/andanskozh.fr\/index.php?rest_route=\/wp\/v2\/users\/1"}],"replies":[{"embeddable":true,"href":"https:\/\/andanskozh.fr\/index.php?rest_route=%2Fwp%2Fv2%2Fcomments&post=34"}],"version-history":[{"count":16,"href":"https:\/\/andanskozh.fr\/index.php?rest_route=\/wp\/v2\/pages\/34\/revisions"}],"predecessor-version":[{"id":1784,"href":"https:\/\/andanskozh.fr\/index.php?rest_route=\/wp\/v2\/pages\/34\/revisions\/1784"}],"wp:featuredmedia":[{"embeddable":true,"href":"https:\/\/andanskozh.fr\/index.php?rest_route=\/wp\/v2\/media\/1773"}],"wp:attachment":[{"href":"https:\/\/andanskozh.fr\/index.php?rest_route=%2Fwp%2Fv2%2Fmedia&parent=34"}],"curies":[{"name":"wp","href":"https:\/\/api.w.org\/{rel}","templated":true}]}}