{"id":25,"date":"2022-05-16T14:15:28","date_gmt":"2022-05-16T12:15:28","guid":{"rendered":"https:\/\/andanskozh.fr\/?page_id=25"},"modified":"2026-02-05T16:37:15","modified_gmt":"2026-02-05T15:37:15","slug":"lassociation","status":"publish","type":"page","link":"https:\/\/andanskozh.fr\/?page_id=25","title":{"rendered":"L&rsquo;association"},"content":{"rendered":"\n<p class=\"has-vivid-cyan-blue-color has-text-color has-background\" style=\"background:linear-gradient(128deg,rgb(238,238,238) 0%,rgb(169,184,195) 100%);font-size:30px\"><strong>Son objectif<\/strong><\/p>\n\n\n\n<p>L&rsquo;association <strong>AN DA\u00d1S KOZH<\/strong>, association r\u00e9gie par la loi de 1901 d\u00e9clar\u00e9e et reconnue en Mairie de Sarzeau, a pour but la <strong>Conservation du Patrimoine de chants, de danses et de costumes traditionnels bretons, et toutes expressions artistiques bretonnes<\/strong>. L&rsquo;association a le soucis de promouvoir cette culture par la transmission afin de rendre vivant le patrimoine de la Presqu&rsquo;\u00eele de Rhuys. <\/p>\n\n\n\n<p><strong>Septembre 2025<\/strong> : 129 adh\u00e9rents dont une vingtaine de danseurs juniors<\/p>\n\n\n\n<figure class=\"wp-block-embed is-type-wp-embed is-provider-an-da-s-kozh wp-block-embed-an-da-s-kozh\"><div class=\"wp-block-embed__wrapper\">\n<blockquote class=\"wp-embedded-content\" data-secret=\"RymoiCa47W\"><a href=\"https:\/\/andanskozh.fr\/?p=2721\">Assembl\u00e9e G\u00e9n\u00e9rale An Da\u00f1s Kozh<\/a><\/blockquote><iframe loading=\"lazy\" class=\"wp-embedded-content\" sandbox=\"allow-scripts\" security=\"restricted\" style=\"position: absolute; visibility: hidden;\" title=\"\u00ab\u00a0Assembl\u00e9e G\u00e9n\u00e9rale An Da\u00f1s Kozh\u00a0\u00bb &#8212; An Da\u00f1s Kozh\" src=\"https:\/\/andanskozh.fr\/?p=2721&#038;embed=true#?secret=cyr2gnXjjk#?secret=RymoiCa47W\" data-secret=\"RymoiCa47W\" width=\"600\" height=\"338\" frameborder=\"0\" marginwidth=\"0\" marginheight=\"0\" scrolling=\"no\"><\/iframe>\n<\/div><\/figure>\n\n\n\n<p class=\"has-vivid-cyan-blue-color has-text-color has-background\" style=\"background:linear-gradient(120deg,rgb(238,238,238) 0%,rgb(169,184,195) 100%);font-size:30px\"><strong>Son histoire<\/strong><\/p>\n\n\n\n<div class=\"wp-block-group\"><div class=\"wp-block-group__inner-container is-layout-constrained wp-block-group-is-layout-constrained\">\n<p>Fin des ann\u00e9es 80, une bande d\u2019amoureux de la danse, a plaisir \u00e0 se retrouver dans une classe d\u00e9saffect\u00e9e. En 1989, il faut donner \u00e0 ce petit groupe un statut officiel. C\u2019est ainsi que l\u2019Association An Da\u00f1s Kozh, \u00ab&nbsp;les danses&nbsp;anciennes \u00bb, est cr\u00e9\u00e9e sous l\u2019impulsion de Christian Jacob, un gars du coin, qui avait us\u00e9 ses \u00ab&nbsp;botez-koad&nbsp;\u00bb (sabots) sur les routes et chemins du c\u00f4t\u00e9 du village du Spernec &nbsp;quelques 40 ann\u00e9es auparavant.<\/p>\n\n\n\n<p>La premi\u00e8re tenue officielle est sobre&nbsp;: chemisier blanc et jupe noire (femmes) , chemise blanche et pantalon noir (hommes). Les costumes traditionnels de Sarzeau viennent progressivement apporter un cachet local et authentique.<\/p>\n\n\n\n<p>C\u2019est \u00e0 pr\u00e9sent un patrimoine culturel mat\u00e9riel important dont dispose le Cercle Celtique.<\/p>\n\n\n\n<p>Les chants et la musique traditionnelle bretonne sont venus apporter une connotation consid\u00e9rable d\u00e8s le d\u00e9but. Ils se conjuguent d\u00e9sormais aux danses, d\u00e9fil\u00e9s et spectacles.<\/p>\n\n\n\n<p>Le Cercle Celtique An Dans Kozh participe aux grandes manifestations locales&nbsp;: Tradi Deiz, Concours, F\u00eates Celtiques, Fest Noz \u2026<\/p>\n\n\n\n<p>Une section Juniors a \u00e9t\u00e9 cr\u00e9\u00e9e en 2019. Elle aura la chance d\u2019\u00eatre pr\u00e9sente en 2023 au Festival Interceltique de Lorient, \u00e0 Tradi Deiz et \u00e0 Bugale Dans.<\/p>\n\n\n\n<p><strong>Le plaisir de chanter, jouer et danser est la premi\u00e8re motivation.<\/strong><\/p>\n\n\n\n<p><strong>L\u2019essentiel est de se sentir en r\u00e9sonance avec le milieu culturel auquel beaucoup choisissent d\u2019appartenir en vivant en Bretagne et plus particuli\u00e8rement en Presqu\u2019ile de Rhuys.<\/strong><\/p>\n\n\n\n<p class=\"has-text-align-center\">&nbsp;Le Pr\u00e9sident <\/p>\n\n\n\n<p class=\"has-text-align-center\">Jean-Charles&nbsp; BR\u00c9MAND<\/p>\n<\/div><\/div>\n\n\n\n<p class=\"has-vivid-cyan-blue-color has-very-light-gray-to-cyan-bluish-gray-gradient-background has-text-color has-background\" style=\"font-size:30px\"><strong>Son organisation <\/strong><\/p>\n\n\n\n<ul class=\"wp-block-list\">\n<li><strong>Pr\u00e9sident <\/strong>: Jean-Charles BR\u00c9MAND <\/li>\n\n\n\n<li><strong>Vice Pr\u00e9sident <\/strong>: Christian JACOB        <\/li>\n\n\n\n<li><strong>Secr\u00e9taire <\/strong>: Marie-Odile MULLER<\/li>\n\n\n\n<li><strong>Tr\u00e9sori\u00e8re <\/strong>: Jacqueline TH\u00c9DI\u00c9<\/li>\n\n\n\n<li><strong>Tr\u00e9sori\u00e8re adjointe<\/strong> : St\u00e9phanie LAPPARTIENT<\/li>\n<\/ul>\n\n\n\n<h2 class=\"wp-block-heading has-vivid-cyan-blue-color has-text-color has-background has-link-color wp-elements-94436895e7fd7c892793e9b4f8c47d08\" style=\"background-color:#cad4dd\">Statuts et r\u00e8glement int\u00e9rieur<\/h2>\n\n\n\n<ul class=\"wp-block-list\">\n<li><a href=\"https:\/\/andanskozh.fr\/wp-content\/uploads\/2024\/09\/Maj-2024-statu.DK-16.11.18b.pdf\">Statuts de l&rsquo;association<\/a><\/li>\n<\/ul>\n\n\n\n<div data-wp-interactive=\"core\/file\" class=\"wp-block-file\"><object data-wp-bind--hidden=\"!state.hasPdfPreview\" hidden class=\"wp-block-file__embed\" data=\"https:\/\/andanskozh.fr\/wp-content\/uploads\/2024\/09\/Maj-2024-statu.DK-16.11.18b.pdf\" type=\"application\/pdf\" style=\"width:100%;height:600px\" aria-label=\"Contenu embarqu\u00e9 Statuts de l&apos;association ADK.\"><\/object><a id=\"wp-block-file--media-8c402ad5-55a2-42be-904e-9b46e54c540f\" href=\"https:\/\/andanskozh.fr\/wp-content\/uploads\/2024\/09\/Maj-2024-statu.DK-16.11.18b.pdf\" target=\"_blank\" rel=\"noreferrer noopener\">Statuts de l&rsquo;association ADK<\/a><a href=\"https:\/\/andanskozh.fr\/wp-content\/uploads\/2024\/09\/Maj-2024-statu.DK-16.11.18b.pdf\" class=\"wp-block-file__button wp-element-button\" download aria-describedby=\"wp-block-file--media-8c402ad5-55a2-42be-904e-9b46e54c540f\">T\u00e9l\u00e9charger<\/a><\/div>\n\n\n\n<hr class=\"wp-block-separator has-alpha-channel-opacity\"\/>\n\n\n\n<hr class=\"wp-block-separator has-alpha-channel-opacity\"\/>\n\n\n\n<ul class=\"wp-block-list\">\n<li><a href=\"https:\/\/andanskozh.fr\/wp-content\/uploads\/2024\/09\/Maj-2024-statu.DK-16.11.18b.pdf\">R\u00e8glement int\u00e9rieur de l&rsquo;association &#8211; version de septembre 2024<\/a><\/li>\n<\/ul>\n\n\n\n<div data-wp-interactive=\"core\/file\" class=\"wp-block-file\"><object data-wp-bind--hidden=\"!state.hasPdfPreview\" hidden class=\"wp-block-file__embed\" data=\"https:\/\/andanskozh.fr\/wp-content\/uploads\/2024\/09\/Maj-2024-Regl.tembre-2024b.pdf\" type=\"application\/pdf\" style=\"width:100%;height:471px\" aria-label=\"Contenu embarqu\u00e9 R\u00e8glement int\u00e9rieur de l&apos;association - version de septembre 2024.\"><\/object><a id=\"wp-block-file--media-190da15c-bfc5-4f0f-8dd6-565b3dbc98a1\" href=\"https:\/\/andanskozh.fr\/wp-content\/uploads\/2024\/09\/Maj-2024-Regl.tembre-2024b.pdf\" target=\"_blank\" rel=\"noreferrer noopener\">R\u00e8glement int\u00e9rieur de l&rsquo;association &#8211; version de septembre 2024<\/a><a href=\"https:\/\/andanskozh.fr\/wp-content\/uploads\/2024\/09\/Maj-2024-Regl.tembre-2024b.pdf\" class=\"wp-block-file__button wp-element-button\" download aria-describedby=\"wp-block-file--media-190da15c-bfc5-4f0f-8dd6-565b3dbc98a1\">T\u00e9l\u00e9charger<\/a><\/div>\n","protected":false},"excerpt":{"rendered":"<p>Son objectif L&rsquo;association AN DA\u00d1S KOZH, association r\u00e9gie par la loi de 1901 d\u00e9clar\u00e9e et reconnue en Mairie de Sarzeau, a pour but la Conservation &hellip; <\/p>\n","protected":false},"author":3,"featured_media":0,"parent":0,"menu_order":0,"comment_status":"closed","ping_status":"closed","template":"","meta":{"footnotes":""},"class_list":["post-25","page","type-page","status-publish","hentry"],"_links":{"self":[{"href":"https:\/\/andanskozh.fr\/index.php?rest_route=\/wp\/v2\/pages\/25","targetHints":{"allow":["GET"]}}],"collection":[{"href":"https:\/\/andanskozh.fr\/index.php?rest_route=\/wp\/v2\/pages"}],"about":[{"href":"https:\/\/andanskozh.fr\/index.php?rest_route=\/wp\/v2\/types\/page"}],"author":[{"embeddable":true,"href":"https:\/\/andanskozh.fr\/index.php?rest_route=\/wp\/v2\/users\/3"}],"replies":[{"embeddable":true,"href":"https:\/\/andanskozh.fr\/index.php?rest_route=%2Fwp%2Fv2%2Fcomments&post=25"}],"version-history":[{"count":57,"href":"https:\/\/andanskozh.fr\/index.php?rest_route=\/wp\/v2\/pages\/25\/revisions"}],"predecessor-version":[{"id":2841,"href":"https:\/\/andanskozh.fr\/index.php?rest_route=\/wp\/v2\/pages\/25\/revisions\/2841"}],"wp:attachment":[{"href":"https:\/\/andanskozh.fr\/index.php?rest_route=%2Fwp%2Fv2%2Fmedia&parent=25"}],"curies":[{"name":"wp","href":"https:\/\/api.w.org\/{rel}","templated":true}]}}