{"id":2396,"date":"2025-06-03T09:54:05","date_gmt":"2025-06-03T07:54:05","guid":{"rendered":"https:\/\/andanskozh.fr\/?page_id=2396"},"modified":"2026-03-14T14:18:52","modified_gmt":"2026-03-14T13:18:52","slug":"la-danse-des-juniors","status":"publish","type":"page","link":"https:\/\/andanskozh.fr\/?page_id=2396","title":{"rendered":"La danse  des juniors"},"content":{"rendered":"\n<p><strong>Mercredi 25 f\u00e9vrier<\/strong><\/p>\n\n\n\n<h2 class=\"wp-block-heading has-text-color has-link-color wp-elements-d88ebb724fe88906dc104944cd87e6f4\" style=\"color:#1e4f3a\"><strong>Samedi 7 mars : stage de danse organis\u00e9 par An Da\u00f1s Kozh<\/strong> <\/h2>\n\n\n\n<figure class=\"wp-block-video\"><video height=\"540\" style=\"aspect-ratio: 960 \/ 540;\" width=\"960\" controls src=\"https:\/\/andanskozh.fr\/wp-content\/uploads\/2026\/03\/260307_Stage-danses-bretonnes.mp4\"><\/video><\/figure>\n\n\n\n<p>Liste des danses : Le jibidi, le bal de Dinan, les Bottes, le Carillon de Chevaign\u00e9, l&rsquo;Avant-deux de Bazouges et le bal des Hollandais<\/p>\n\n\n\n<h2 class=\"wp-block-heading has-text-color has-link-color wp-elements-57ad02db102f0bef7a598596d0241ed0\" style=\"color:#1e4f3a\"><strong>Mercredi 25 f\u00e9vrier 2026<\/strong> \u00e0 l&rsquo;Ehpad Pierre de Francheville<\/h2>\n\n\n\n<p>Les juniors ont montr\u00e9 leur savoir faire avec les anciens qui, pour certains se sont laiss\u00e9s entra\u00eener \u00e0 la danse. <a href=\"https:\/\/andanskozh.fr\/?p=2881\">(voir l&rsquo;article dans le blog)<\/a><\/p>\n\n\n\n<figure class=\"wp-block-video\"><video height=\"540\" style=\"aspect-ratio: 960 \/ 540;\" width=\"960\" controls src=\"https:\/\/andanskozh.fr\/wp-content\/uploads\/2026\/03\/20260225_Francheville2.mp4\"><\/video><\/figure>\n\n\n\n<p class=\"has-text-align-center\">&#8212;&#8212;&#8212;&#8212;&#8212;&#8212;&#8212;&#8212;&#8212;&#8212;&#8212;&#8212;&#8212;&#8212;&#8212;&#8212;&#8212;&#8212;&#8212;&#8212;&#8212;&#8212;&#8212;&#8212;&#8212;-<\/p>\n\n\n\n<h2 class=\"wp-block-heading has-text-color has-link-color wp-elements-465042ce61bf3a643c5fd1ffdb83e78e\" style=\"color:#1e4f3a\"><strong>Samedi 20 d\u00e9cembre <\/strong>: Go\u00fbter de No\u00ebl avec chants et danses<\/h2>\n\n\n\n<p>Comme tous les ans, juniors et adultes du groupe celtique, se retrouvent pour le go\u00fbter de No\u00ebl avec la pr\u00e9sence de \u00ab\u00a0la m\u00e8re No\u00ebl\u00a0\u00bb. <\/p>\n\n\n\n<figure class=\"wp-block-gallery has-nested-images columns-default is-cropped wp-block-gallery-1 is-layout-flex wp-block-gallery-is-layout-flex\">\n<figure class=\"wp-block-image size-large\"><img loading=\"lazy\" decoding=\"async\" width=\"1024\" height=\"768\" data-id=\"2760\" src=\"https:\/\/andanskozh.fr\/wp-content\/uploads\/2025\/12\/2025-12-20_gouter-juniors-5-1024x768.jpeg\" alt=\"\" class=\"wp-image-2760\" srcset=\"https:\/\/andanskozh.fr\/wp-content\/uploads\/2025\/12\/2025-12-20_gouter-juniors-5-1024x768.jpeg 1024w, https:\/\/andanskozh.fr\/wp-content\/uploads\/2025\/12\/2025-12-20_gouter-juniors-5-300x225.jpeg 300w, https:\/\/andanskozh.fr\/wp-content\/uploads\/2025\/12\/2025-12-20_gouter-juniors-5-768x576.jpeg 768w, https:\/\/andanskozh.fr\/wp-content\/uploads\/2025\/12\/2025-12-20_gouter-juniors-5-1536x1152.jpeg 1536w, https:\/\/andanskozh.fr\/wp-content\/uploads\/2025\/12\/2025-12-20_gouter-juniors-5.jpeg 1600w\" sizes=\"auto, (max-width: 1024px) 100vw, 1024px\" \/><\/figure>\n\n\n\n<figure class=\"wp-block-image size-large\"><img loading=\"lazy\" decoding=\"async\" width=\"1024\" height=\"768\" data-id=\"2759\" src=\"https:\/\/andanskozh.fr\/wp-content\/uploads\/2025\/12\/2025-12-20_gouter-juniors-4-1024x768.jpeg\" alt=\"\" class=\"wp-image-2759\" srcset=\"https:\/\/andanskozh.fr\/wp-content\/uploads\/2025\/12\/2025-12-20_gouter-juniors-4-1024x768.jpeg 1024w, https:\/\/andanskozh.fr\/wp-content\/uploads\/2025\/12\/2025-12-20_gouter-juniors-4-300x225.jpeg 300w, https:\/\/andanskozh.fr\/wp-content\/uploads\/2025\/12\/2025-12-20_gouter-juniors-4-768x576.jpeg 768w, https:\/\/andanskozh.fr\/wp-content\/uploads\/2025\/12\/2025-12-20_gouter-juniors-4-1536x1152.jpeg 1536w, https:\/\/andanskozh.fr\/wp-content\/uploads\/2025\/12\/2025-12-20_gouter-juniors-4.jpeg 1600w\" sizes=\"auto, (max-width: 1024px) 100vw, 1024px\" \/><\/figure>\n\n\n\n<figure class=\"wp-block-image size-large\"><img loading=\"lazy\" decoding=\"async\" width=\"768\" height=\"1024\" data-id=\"2758\" src=\"https:\/\/andanskozh.fr\/wp-content\/uploads\/2025\/12\/2025-12-20_gouter-juniors-3-768x1024.jpeg\" alt=\"\" class=\"wp-image-2758\" srcset=\"https:\/\/andanskozh.fr\/wp-content\/uploads\/2025\/12\/2025-12-20_gouter-juniors-3-768x1024.jpeg 768w, https:\/\/andanskozh.fr\/wp-content\/uploads\/2025\/12\/2025-12-20_gouter-juniors-3-225x300.jpeg 225w, https:\/\/andanskozh.fr\/wp-content\/uploads\/2025\/12\/2025-12-20_gouter-juniors-3-1152x1536.jpeg 1152w, https:\/\/andanskozh.fr\/wp-content\/uploads\/2025\/12\/2025-12-20_gouter-juniors-3.jpeg 1200w\" sizes=\"auto, (max-width: 768px) 100vw, 768px\" \/><\/figure>\n\n\n\n<figure class=\"wp-block-image size-large\"><img loading=\"lazy\" decoding=\"async\" width=\"1024\" height=\"768\" data-id=\"2757\" src=\"https:\/\/andanskozh.fr\/wp-content\/uploads\/2025\/12\/2025-12-20_gouter-juniors-2-1024x768.jpeg\" alt=\"\" class=\"wp-image-2757\" srcset=\"https:\/\/andanskozh.fr\/wp-content\/uploads\/2025\/12\/2025-12-20_gouter-juniors-2-1024x768.jpeg 1024w, https:\/\/andanskozh.fr\/wp-content\/uploads\/2025\/12\/2025-12-20_gouter-juniors-2-300x225.jpeg 300w, https:\/\/andanskozh.fr\/wp-content\/uploads\/2025\/12\/2025-12-20_gouter-juniors-2-768x576.jpeg 768w, https:\/\/andanskozh.fr\/wp-content\/uploads\/2025\/12\/2025-12-20_gouter-juniors-2-1536x1152.jpeg 1536w, https:\/\/andanskozh.fr\/wp-content\/uploads\/2025\/12\/2025-12-20_gouter-juniors-2.jpeg 1600w\" sizes=\"auto, (max-width: 1024px) 100vw, 1024px\" \/><\/figure>\n<\/figure>\n\n\n\n<p class=\"has-text-color has-link-color wp-elements-ce8ff2e37b632eb7a79ee5812b8f5511\" style=\"color:#1e4f3a\"><em>Vous pouvez d\u00e9couvrir les prestations des juniors dans <\/em><em><strong><a href=\"https:\/\/andanskozh.fr\/?page_id=30\">l&rsquo;activit\u00e9 \u00ab\u00a0<\/a><\/strong><\/em><strong><em><a href=\"https:\/\/andanskozh.fr\/?page_id=30\">danse\u00a0\u00bb<\/a><\/em><\/strong><\/p>\n\n\n\n<h2 class=\"wp-block-heading has-text-color has-link-color wp-elements-a5c89c1227f8021fe0c4d987e9796402\" style=\"color:#1e4f3a\">Reprise de l&rsquo;activit\u00e9 <strong>le samedi 20 septembre <\/strong>: Salle Kerollaire &#8211; 32 rue Illuric<\/h2>\n\n\n\n<ul class=\"wp-block-list\">\n<li><strong>10h-11h <\/strong>: cours pour les initi\u00e9s, les plus grands<\/li>\n\n\n\n<li><strong>10h-12h :<\/strong> Cours pour les d\u00e9butants de plus de 6 ans ou en 2\u00e8me ann\u00e9e<\/li>\n\n\n\n<li><strong>11h30-12h<\/strong> : accueil des moins de 6 ans, une fois par mois<\/li>\n\n\n\n<li class=\"has-text-color has-link-color wp-elements-7f833d8e1c1a40ec8e57a50fe63c7ec4\" style=\"color:#1e4f3a\"><strong>Cotisations : 15\u20ac par enfant &#8211; 25\u20ac par famille<\/strong><\/li>\n<\/ul>\n\n\n\n<figure class=\"wp-block-gallery has-nested-images columns-default is-cropped wp-block-gallery-2 is-layout-flex wp-block-gallery-is-layout-flex\">\n<figure class=\"wp-block-image size-large\"><img loading=\"lazy\" decoding=\"async\" width=\"1024\" height=\"768\" data-id=\"2666\" src=\"https:\/\/andanskozh.fr\/wp-content\/uploads\/2025\/09\/IMG_20250725_102605-1024x768.jpg\" alt=\"\" class=\"wp-image-2666\" srcset=\"https:\/\/andanskozh.fr\/wp-content\/uploads\/2025\/09\/IMG_20250725_102605-1024x768.jpg 1024w, https:\/\/andanskozh.fr\/wp-content\/uploads\/2025\/09\/IMG_20250725_102605-300x225.jpg 300w, https:\/\/andanskozh.fr\/wp-content\/uploads\/2025\/09\/IMG_20250725_102605-768x576.jpg 768w, https:\/\/andanskozh.fr\/wp-content\/uploads\/2025\/09\/IMG_20250725_102605-1536x1152.jpg 1536w, https:\/\/andanskozh.fr\/wp-content\/uploads\/2025\/09\/IMG_20250725_102605-2048x1536.jpg 2048w\" sizes=\"auto, (max-width: 1024px) 100vw, 1024px\" \/><figcaption class=\"wp-element-caption\">Le petit bal breton<\/figcaption><\/figure>\n\n\n\n<figure class=\"wp-block-image size-large\"><img loading=\"lazy\" decoding=\"async\" width=\"768\" height=\"1024\" data-id=\"2665\" src=\"https:\/\/andanskozh.fr\/wp-content\/uploads\/2025\/09\/IMG_20250725_102534-768x1024.jpg\" alt=\"\" class=\"wp-image-2665\" srcset=\"https:\/\/andanskozh.fr\/wp-content\/uploads\/2025\/09\/IMG_20250725_102534-768x1024.jpg 768w, https:\/\/andanskozh.fr\/wp-content\/uploads\/2025\/09\/IMG_20250725_102534-225x300.jpg 225w, https:\/\/andanskozh.fr\/wp-content\/uploads\/2025\/09\/IMG_20250725_102534-1152x1536.jpg 1152w, https:\/\/andanskozh.fr\/wp-content\/uploads\/2025\/09\/IMG_20250725_102534-1536x2048.jpg 1536w, https:\/\/andanskozh.fr\/wp-content\/uploads\/2025\/09\/IMG_20250725_102534-scaled.jpg 1920w\" sizes=\"auto, (max-width: 768px) 100vw, 768px\" \/><figcaption class=\"wp-element-caption\">Le petit bal breton<\/figcaption><\/figure>\n\n\n\n<figure class=\"wp-block-image size-large\"><img loading=\"lazy\" decoding=\"async\" width=\"1024\" height=\"768\" data-id=\"2668\" src=\"https:\/\/andanskozh.fr\/wp-content\/uploads\/2025\/09\/IMG_20250725_103200-1024x768.jpg\" alt=\"\" class=\"wp-image-2668\" srcset=\"https:\/\/andanskozh.fr\/wp-content\/uploads\/2025\/09\/IMG_20250725_103200-1024x768.jpg 1024w, https:\/\/andanskozh.fr\/wp-content\/uploads\/2025\/09\/IMG_20250725_103200-300x225.jpg 300w, https:\/\/andanskozh.fr\/wp-content\/uploads\/2025\/09\/IMG_20250725_103200-768x576.jpg 768w, https:\/\/andanskozh.fr\/wp-content\/uploads\/2025\/09\/IMG_20250725_103200-1536x1152.jpg 1536w, https:\/\/andanskozh.fr\/wp-content\/uploads\/2025\/09\/IMG_20250725_103200-2048x1536.jpg 2048w\" sizes=\"auto, (max-width: 1024px) 100vw, 1024px\" \/><figcaption class=\"wp-element-caption\">Le petit bal breton<\/figcaption><\/figure>\n\n\n\n<figure class=\"wp-block-image size-large\"><img loading=\"lazy\" decoding=\"async\" width=\"1024\" height=\"680\" data-id=\"2667\" src=\"https:\/\/andanskozh.fr\/wp-content\/uploads\/2025\/09\/IMG-20250726-WA0013-1024x680.jpg\" alt=\"\" class=\"wp-image-2667\" srcset=\"https:\/\/andanskozh.fr\/wp-content\/uploads\/2025\/09\/IMG-20250726-WA0013-1024x680.jpg 1024w, https:\/\/andanskozh.fr\/wp-content\/uploads\/2025\/09\/IMG-20250726-WA0013-300x199.jpg 300w, https:\/\/andanskozh.fr\/wp-content\/uploads\/2025\/09\/IMG-20250726-WA0013-768x510.jpg 768w, https:\/\/andanskozh.fr\/wp-content\/uploads\/2025\/09\/IMG-20250726-WA0013-1536x1020.jpg 1536w, https:\/\/andanskozh.fr\/wp-content\/uploads\/2025\/09\/IMG-20250726-WA0013-700x465.jpg 700w, https:\/\/andanskozh.fr\/wp-content\/uploads\/2025\/09\/IMG-20250726-WA0013.jpg 1600w\" sizes=\"auto, (max-width: 1024px) 100vw, 1024px\" \/><\/figure>\n\n\n\n<figure class=\"wp-block-image size-large\"><img loading=\"lazy\" decoding=\"async\" width=\"1024\" height=\"683\" data-id=\"2664\" src=\"https:\/\/andanskozh.fr\/wp-content\/uploads\/2025\/09\/IMGM6710-1024x683.jpg\" alt=\"\" class=\"wp-image-2664\" srcset=\"https:\/\/andanskozh.fr\/wp-content\/uploads\/2025\/09\/IMGM6710-1024x683.jpg 1024w, https:\/\/andanskozh.fr\/wp-content\/uploads\/2025\/09\/IMGM6710-300x200.jpg 300w, https:\/\/andanskozh.fr\/wp-content\/uploads\/2025\/09\/IMGM6710-768x512.jpg 768w, https:\/\/andanskozh.fr\/wp-content\/uploads\/2025\/09\/IMGM6710-1536x1024.jpg 1536w, https:\/\/andanskozh.fr\/wp-content\/uploads\/2025\/09\/IMGM6710-2048x1365.jpg 2048w\" sizes=\"auto, (max-width: 1024px) 100vw, 1024px\" \/><\/figure>\n\n\n\n<figure class=\"wp-block-image size-large\"><img loading=\"lazy\" decoding=\"async\" width=\"1024\" height=\"683\" data-id=\"2661\" src=\"https:\/\/andanskozh.fr\/wp-content\/uploads\/2025\/09\/IMGM6707-1024x683.jpg\" alt=\"\" class=\"wp-image-2661\" srcset=\"https:\/\/andanskozh.fr\/wp-content\/uploads\/2025\/09\/IMGM6707-1024x683.jpg 1024w, https:\/\/andanskozh.fr\/wp-content\/uploads\/2025\/09\/IMGM6707-300x200.jpg 300w, https:\/\/andanskozh.fr\/wp-content\/uploads\/2025\/09\/IMGM6707-768x512.jpg 768w, https:\/\/andanskozh.fr\/wp-content\/uploads\/2025\/09\/IMGM6707-1536x1024.jpg 1536w, https:\/\/andanskozh.fr\/wp-content\/uploads\/2025\/09\/IMGM6707-2048x1365.jpg 2048w\" sizes=\"auto, (max-width: 1024px) 100vw, 1024px\" \/><\/figure>\n\n\n\n<figure class=\"wp-block-image size-large\"><img loading=\"lazy\" decoding=\"async\" width=\"1024\" height=\"683\" data-id=\"2659\" src=\"https:\/\/andanskozh.fr\/wp-content\/uploads\/2025\/09\/IMGM6700-1024x683.jpg\" alt=\"\" class=\"wp-image-2659\" srcset=\"https:\/\/andanskozh.fr\/wp-content\/uploads\/2025\/09\/IMGM6700-1024x683.jpg 1024w, https:\/\/andanskozh.fr\/wp-content\/uploads\/2025\/09\/IMGM6700-300x200.jpg 300w, https:\/\/andanskozh.fr\/wp-content\/uploads\/2025\/09\/IMGM6700-768x512.jpg 768w, https:\/\/andanskozh.fr\/wp-content\/uploads\/2025\/09\/IMGM6700-1536x1024.jpg 1536w, https:\/\/andanskozh.fr\/wp-content\/uploads\/2025\/09\/IMGM6700-2048x1365.jpg 2048w\" sizes=\"auto, (max-width: 1024px) 100vw, 1024px\" \/><\/figure>\n\n\n\n<figure class=\"wp-block-image size-large\"><img loading=\"lazy\" decoding=\"async\" width=\"1024\" height=\"683\" data-id=\"2658\" src=\"https:\/\/andanskozh.fr\/wp-content\/uploads\/2025\/09\/IMGM6698-1024x683.jpg\" alt=\"\" class=\"wp-image-2658\" srcset=\"https:\/\/andanskozh.fr\/wp-content\/uploads\/2025\/09\/IMGM6698-1024x683.jpg 1024w, https:\/\/andanskozh.fr\/wp-content\/uploads\/2025\/09\/IMGM6698-300x200.jpg 300w, https:\/\/andanskozh.fr\/wp-content\/uploads\/2025\/09\/IMGM6698-768x512.jpg 768w, https:\/\/andanskozh.fr\/wp-content\/uploads\/2025\/09\/IMGM6698-1536x1024.jpg 1536w, https:\/\/andanskozh.fr\/wp-content\/uploads\/2025\/09\/IMGM6698-2048x1365.jpg 2048w\" sizes=\"auto, (max-width: 1024px) 100vw, 1024px\" \/><\/figure>\n\n\n\n<figure class=\"wp-block-image size-large\"><img loading=\"lazy\" decoding=\"async\" width=\"1024\" height=\"683\" data-id=\"2657\" src=\"https:\/\/andanskozh.fr\/wp-content\/uploads\/2025\/09\/IMGM6696-1024x683.jpg\" alt=\"\" class=\"wp-image-2657\" srcset=\"https:\/\/andanskozh.fr\/wp-content\/uploads\/2025\/09\/IMGM6696-1024x683.jpg 1024w, https:\/\/andanskozh.fr\/wp-content\/uploads\/2025\/09\/IMGM6696-300x200.jpg 300w, https:\/\/andanskozh.fr\/wp-content\/uploads\/2025\/09\/IMGM6696-768x512.jpg 768w, https:\/\/andanskozh.fr\/wp-content\/uploads\/2025\/09\/IMGM6696-1536x1024.jpg 1536w, https:\/\/andanskozh.fr\/wp-content\/uploads\/2025\/09\/IMGM6696-2048x1365.jpg 2048w\" sizes=\"auto, (max-width: 1024px) 100vw, 1024px\" \/><\/figure>\n\n\n\n<figure class=\"wp-block-image size-large\"><img loading=\"lazy\" decoding=\"async\" width=\"1024\" height=\"683\" data-id=\"2656\" src=\"https:\/\/andanskozh.fr\/wp-content\/uploads\/2025\/09\/IMGM6693-1024x683.jpg\" alt=\"\" class=\"wp-image-2656\" srcset=\"https:\/\/andanskozh.fr\/wp-content\/uploads\/2025\/09\/IMGM6693-1024x683.jpg 1024w, https:\/\/andanskozh.fr\/wp-content\/uploads\/2025\/09\/IMGM6693-300x200.jpg 300w, https:\/\/andanskozh.fr\/wp-content\/uploads\/2025\/09\/IMGM6693-768x512.jpg 768w, https:\/\/andanskozh.fr\/wp-content\/uploads\/2025\/09\/IMGM6693-1536x1024.jpg 1536w, https:\/\/andanskozh.fr\/wp-content\/uploads\/2025\/09\/IMGM6693-2048x1365.jpg 2048w\" sizes=\"auto, (max-width: 1024px) 100vw, 1024px\" \/><\/figure>\n\n\n\n<figure class=\"wp-block-image size-large\"><img loading=\"lazy\" decoding=\"async\" width=\"1024\" height=\"683\" data-id=\"2655\" src=\"https:\/\/andanskozh.fr\/wp-content\/uploads\/2025\/09\/IMGM6691-1024x683.jpg\" alt=\"\" class=\"wp-image-2655\" srcset=\"https:\/\/andanskozh.fr\/wp-content\/uploads\/2025\/09\/IMGM6691-1024x683.jpg 1024w, https:\/\/andanskozh.fr\/wp-content\/uploads\/2025\/09\/IMGM6691-300x200.jpg 300w, https:\/\/andanskozh.fr\/wp-content\/uploads\/2025\/09\/IMGM6691-768x512.jpg 768w, https:\/\/andanskozh.fr\/wp-content\/uploads\/2025\/09\/IMGM6691-1536x1024.jpg 1536w, https:\/\/andanskozh.fr\/wp-content\/uploads\/2025\/09\/IMGM6691-2048x1365.jpg 2048w\" sizes=\"auto, (max-width: 1024px) 100vw, 1024px\" \/><\/figure>\n<\/figure>\n\n\n\n<p class=\"has-text-color has-link-color wp-elements-ad2069fa454e2abe00491fb3309ca556\" style=\"color:#1e4f3a\"><strong>LES PARTICIPATIONS A DES FESTIVIT\u00c9S<\/strong><\/p>\n\n\n\n<p><a href=\"https:\/\/andanskozh.fr\/?p=2482\">LE 2 JUILLET 2025 : La Trom\u00e9nie<\/a> de Sainte-Anne de passage \u00e0 Sarzeau<\/p>\n\n\n\n<p>LE 3 JUIN 2025 : <a href=\"https:\/\/andanskozh.fr\/?p=2389\">BUGAL\u00c9 DANS<\/a> \u00e0 Locoal Mendon<\/p>\n\n\n\n<p><\/p>\n","protected":false},"excerpt":{"rendered":"<p>Mercredi 25 f\u00e9vrier Samedi 7 mars : stage de danse organis\u00e9 par An Da\u00f1s Kozh Liste des danses : Le jibidi, le bal de Dinan, &hellip; <\/p>\n","protected":false},"author":3,"featured_media":2505,"parent":0,"menu_order":0,"comment_status":"closed","ping_status":"closed","template":"","meta":{"footnotes":""},"class_list":["post-2396","page","type-page","status-publish","has-post-thumbnail","hentry"],"_links":{"self":[{"href":"https:\/\/andanskozh.fr\/index.php?rest_route=\/wp\/v2\/pages\/2396","targetHints":{"allow":["GET"]}}],"collection":[{"href":"https:\/\/andanskozh.fr\/index.php?rest_route=\/wp\/v2\/pages"}],"about":[{"href":"https:\/\/andanskozh.fr\/index.php?rest_route=\/wp\/v2\/types\/page"}],"author":[{"embeddable":true,"href":"https:\/\/andanskozh.fr\/index.php?rest_route=\/wp\/v2\/users\/3"}],"replies":[{"embeddable":true,"href":"https:\/\/andanskozh.fr\/index.php?rest_route=%2Fwp%2Fv2%2Fcomments&post=2396"}],"version-history":[{"count":24,"href":"https:\/\/andanskozh.fr\/index.php?rest_route=\/wp\/v2\/pages\/2396\/revisions"}],"predecessor-version":[{"id":2948,"href":"https:\/\/andanskozh.fr\/index.php?rest_route=\/wp\/v2\/pages\/2396\/revisions\/2948"}],"wp:featuredmedia":[{"embeddable":true,"href":"https:\/\/andanskozh.fr\/index.php?rest_route=\/wp\/v2\/media\/2505"}],"wp:attachment":[{"href":"https:\/\/andanskozh.fr\/index.php?rest_route=%2Fwp%2Fv2%2Fmedia&parent=2396"}],"curies":[{"name":"wp","href":"https:\/\/api.w.org\/{rel}","templated":true}]}}